{"id":1362,"date":"2020-03-20T14:47:22","date_gmt":"2020-03-20T14:47:22","guid":{"rendered":"https:\/\/omep.ee\/ettevote\/"},"modified":"2024-02-20T14:05:54","modified_gmt":"2024-02-20T14:05:54","slug":"ettevote","status":"publish","type":"page","link":"https:\/\/omep.ee\/et\/","title":{"rendered":"Ettev\u00f5te"},"content":{"rendered":"<\/p>\n<div id='av_section_1'  class='avia-section av-k7yoc010-5a1d7263e96c19fcd93a033b8965c5d8 main_color avia-section-default avia-no-border-styling  avia-builder-el-0  el_before_av_section  avia-builder-el-first  toru-sec av-desktop-hide av-medium-hide av-small-hide av-mini-hide avia-bg-style-scroll av-minimum-height av-minimum-height-custom  container_wrap fullsize'   data-av_minimum_height_px='550'><div class='container av-section-cont-open' style='height:550px'><main  role=\"main\" itemprop=\"mainContentOfPage\"  class='template-page content  av-content-full alpha units'><div class='post-entry post-entry-type-page post-entry-1362'><div class='entry-content-wrapper clearfix'>\n\n<style type=\"text\/css\" data-created_by=\"avia_inline_auto\" id=\"style-css-av-k84eyy50-e74cf1e2d87ad387f75c0fe31d9d1ab6\">\n#top .av-special-heading.av-k84eyy50-e74cf1e2d87ad387f75c0fe31d9d1ab6{\npadding-bottom:10px;\n}\nbody .av-special-heading.av-k84eyy50-e74cf1e2d87ad387f75c0fe31d9d1ab6 .av-special-heading-tag .heading-char{\nfont-size:25px;\n}\n.av-special-heading.av-k84eyy50-e74cf1e2d87ad387f75c0fe31d9d1ab6 .av-subheading{\nfont-size:15px;\n}\n<\/style>\n<div  class='av-special-heading av-k84eyy50-e74cf1e2d87ad387f75c0fe31d9d1ab6 av-special-heading-h1 blockquote modern-quote modern-centered  avia-builder-el-1  el_before_av_two_fifth  avia-builder-el-first  border-bottom'><h1 class='av-special-heading-tag'  itemprop=\"headline\"  >Ettev\u00f5ttest<\/h1><div class=\"special-heading-border\"><div class=\"special-heading-inner-border\"><\/div><\/div><\/div>\n<div class='flex_column av-cjc45-15e00530ae4208ba605ba981d3d5febe av_two_fifth  avia-builder-el-2  el_after_av_heading  el_before_av_three_fifth  first flex_column_div '     ><style type=\"text\/css\" data-created_by=\"avia_inline_auto\" id=\"style-css-av-k84eqdvw-375b3de88d45922d7c394fb0da719c4a\">\n.avia-image-container.av-k84eqdvw-375b3de88d45922d7c394fb0da719c4a img.avia_image{\nbox-shadow:none;\n}\n.avia-image-container.av-k84eqdvw-375b3de88d45922d7c394fb0da719c4a .av-image-caption-overlay-center{\ncolor:#ffffff;\n}\n<\/style>\n<div  class='avia-image-container av-k84eqdvw-375b3de88d45922d7c394fb0da719c4a av-styling- avia-align-center  avia-builder-el-3  avia-builder-el-no-sibling '   itemprop=\"image\" itemscope=\"itemscope\" itemtype=\"https:\/\/schema.org\/ImageObject\" ><div class=\"avia-image-container-inner\"><div class=\"avia-image-overlay-wrap\"><img decoding=\"async\" class='wp-image-1158 avia-img-lazy-loading-not-1158 avia_image ' src=\"https:\/\/omep.ee\/wp-content\/uploads\/2022\/04\/about.png\" alt='' title='about'  height=\"844\" width=\"1044\"  itemprop=\"thumbnailUrl\" srcset=\"https:\/\/omep.ee\/wp-content\/uploads\/2022\/04\/about.png 1044w, https:\/\/omep.ee\/wp-content\/uploads\/2022\/04\/about-300x243.png 300w, https:\/\/omep.ee\/wp-content\/uploads\/2022\/04\/about-1024x828.png 1024w, https:\/\/omep.ee\/wp-content\/uploads\/2022\/04\/about-768x621.png 768w, https:\/\/omep.ee\/wp-content\/uploads\/2022\/04\/about-845x684.png 845w, https:\/\/omep.ee\/wp-content\/uploads\/2022\/04\/about-705x570.png 705w\" sizes=\"(max-width: 1044px) 100vw, 1044px\" \/><\/div><\/div><\/div><\/div><div class='flex_column av-7h1m5-d109ffa384c47fb1bf4a1b933abe874d av_three_fifth  avia-builder-el-4  el_after_av_two_fifth  avia-builder-el-last  flex_column_div '     ><section  class='av_textblock_section av-k801tm1e-7b578b30224d836919ded085029ca3d4'  itemscope=\"itemscope\" itemtype=\"https:\/\/schema.org\/CreativeWork\" ><div class='avia_textblock'  itemprop=\"text\" ><div class=\"page\" title=\"Page 3\">\n<div class=\"section\">\n<div class=\"layoutArea\">\n<div class=\"column\">\n<p>OMEP is a strategic cooperation between four companies that complement and fulfill each other. We are located in Norway, Poland, Estonia and the Philippines, utilizing the strength of each location to ensure deliveries on agreed time, quality and cost.<\/p>\n<\/div>\n<\/div>\n<\/div>\n<\/div>\n<\/div><\/section><br \/>\n\n<style type=\"text\/css\" data-created_by=\"avia_inline_auto\" id=\"style-css-av-l2acuapf-464fa80d7836a8e7eac94c7c45cabc9b\">\n.avia-image-container.av-l2acuapf-464fa80d7836a8e7eac94c7c45cabc9b img.avia_image{\nbox-shadow:none;\n}\n.avia-image-container.av-l2acuapf-464fa80d7836a8e7eac94c7c45cabc9b .av-image-caption-overlay-center{\ncolor:#ffffff;\n}\n<\/style>\n<div  class='avia-image-container av-l2acuapf-464fa80d7836a8e7eac94c7c45cabc9b av-styling- avia-align-center  avia-builder-el-6  el_after_av_textblock  avia-builder-el-last '   itemprop=\"image\" itemscope=\"itemscope\" itemtype=\"https:\/\/schema.org\/ImageObject\" ><div class=\"avia-image-container-inner\"><div class=\"avia-image-overlay-wrap\"><img decoding=\"async\" class='wp-image-1144 avia-img-lazy-loading-not-1144 avia_image ' src=\"https:\/\/omep.ee\/wp-content\/uploads\/2022\/04\/Screenshot-2022-04-18-at-12.07.47-1024x261.png\" alt='' title='Screenshot 2022-04-18 at 12.07.47'  height=\"261\" width=\"1024\"  itemprop=\"thumbnailUrl\" srcset=\"https:\/\/omep.ee\/wp-content\/uploads\/2022\/04\/Screenshot-2022-04-18-at-12.07.47-1024x261.png 1024w, https:\/\/omep.ee\/wp-content\/uploads\/2022\/04\/Screenshot-2022-04-18-at-12.07.47-300x76.png 300w, https:\/\/omep.ee\/wp-content\/uploads\/2022\/04\/Screenshot-2022-04-18-at-12.07.47-768x195.png 768w, https:\/\/omep.ee\/wp-content\/uploads\/2022\/04\/Screenshot-2022-04-18-at-12.07.47-705x179.png 705w, https:\/\/omep.ee\/wp-content\/uploads\/2022\/04\/Screenshot-2022-04-18-at-12.07.47.png 1301w\" sizes=\"(max-width: 1024px) 100vw, 1024px\" \/><\/div><\/div><\/div><\/p><\/div>\n\n<\/div><\/div><\/main><!-- close content main element --><\/div><\/div>\n<style type=\"text\/css\" data-created_by=\"avia_inline_auto\" id=\"style-css-av-l27ez6pv-8d17941bcb7a77d5b38cbef340b7e9bd\">\n.avia-section.av-l27ez6pv-8d17941bcb7a77d5b38cbef340b7e9bd{\nbackground-color:#ffffff;\nbackground-image:unset;\n}\n<\/style>\n<div id='av_section_2'  class='avia-section av-l27ez6pv-8d17941bcb7a77d5b38cbef340b7e9bd main_color avia-section-default avia-no-border-styling  avia-builder-el-7  el_after_av_section  el_before_av_section  avia-bg-style-scroll container_wrap fullsize'  ><div class='container av-section-cont-open' ><div class='template-page content  av-content-full alpha units'><div class='post-entry post-entry-type-page post-entry-1362'><div class='entry-content-wrapper clearfix'>\n\n<style type=\"text\/css\" data-created_by=\"avia_inline_auto\" id=\"style-css-av-l27f1s87-8543931c8de0394784d4da84f718dc3e\">\n#top .av-special-heading.av-l27f1s87-8543931c8de0394784d4da84f718dc3e{\npadding-bottom:0px;\n}\nbody .av-special-heading.av-l27f1s87-8543931c8de0394784d4da84f718dc3e .av-special-heading-tag .heading-char{\nfont-size:25px;\n}\n.av-special-heading.av-l27f1s87-8543931c8de0394784d4da84f718dc3e .av-subheading{\nfont-size:15px;\n}\n<\/style>\n<div  class='av-special-heading av-l27f1s87-8543931c8de0394784d4da84f718dc3e av-special-heading-h2 blockquote modern-quote modern-centered  avia-builder-el-8  el_before_av_textblock  avia-builder-el-first  border-bottom'><h2 class='av-special-heading-tag'  itemprop=\"headline\"  >Kes Me Oleme<\/h2><div class=\"special-heading-border\"><div class=\"special-heading-inner-border\"><\/div><\/div><\/div>\n<section  class='av_textblock_section av-lgjrqakc-61306d1c53d862170b8dce6c8874629c'  itemscope=\"itemscope\" itemtype=\"https:\/\/schema.org\/CreativeWork\" ><div class='avia_textblock'  itemprop=\"text\" ><p>OMEP on osa ettev\u00f5ttest <a href=\"https:\/\/www.oms.group\/\">OMS Group<\/a> (*Norra).<\/p>\n<p>OMEP pakub laevaehituse ja laevaremondi teenuseid k\u00f5rgeima kvaliteediga. Keskendudes innovatsioonile, kvaliteedile ja ohutusele, oleme p\u00fchendunud pakkuma lahendusi, mis \u00fcletavad meie klientide ootusi.<\/p>\n<p>Meil on aastatepikkune merendussektori kogemus. Iga kliendi ainulaadsed vajadused ja n\u00f5uded leiavad meie terviklahenduste abil vastuse. Me saame hakkama \u00fcksk\u00f5ik millise projektiga, \u00fcksk\u00f5ik kus maailmas, alates v\u00e4ikestest remondit\u00f6\u00f6dest kuni suurte kapitaalremondide, moderniseerimiste, kuivdokki t\u00f6\u00f6d.<\/p>\n<p>Me saame t\u00f5hustada remondi- ja hooldusprotsessi, kasutades tipptasemel tehnoloogiat, sealhulgas 3D-skaneerimist ja torustike eelpaigaldus. Meie sertifitseeritud keevitajad ja paigaldajad viivad k\u00f5ik t\u00f6\u00f6d l\u00f5pule vastavalt k\u00f5rgeimatele standarditele. Meie elektri- ja h\u00fcdraulikaspetsialistide jaoks ei ole \u00fckski \u00fclesanne liiga suur ega liiga v\u00e4ike.<\/p>\n<p>Meie OMEPi meeskond m\u00f5istab ohutuse ja n\u00f5uetele vastavuse t\u00e4htsust. K\u00f5rgeimate ohutus- ja keskkonnastandardite j\u00e4rgimise tagamiseks teeme tihedat koost\u00f6\u00f6d t\u00f6\u00f6stusharu reguleerivate asutuste ja klassi\u00fchingutega.<\/p>\n<p>OMEP on usaldusv\u00e4\u00e4rne partner kuivdokkimisprojektide, laevaremondi, projekteerimise ja haldusteenuste puhul. Uurige, kuidas me saame optimeerida teie laeva j\u00f5udlust ja aidata teil saavutada oma eesm\u00e4rke.<\/p>\n<\/div><\/section>\n<\/div><\/div><\/div><!-- close content main div --><\/div><\/div><div id='av_section_3'  class='avia-section av-drs2v-74202e1ded77a87da73cf8051d5b68f5 main_color avia-section-default avia-no-border-styling  avia-builder-el-10  el_after_av_section  el_before_av_section  av-desktop-hide av-medium-hide av-small-hide av-mini-hide avia-bg-style-scroll container_wrap fullsize'  ><div class='container av-section-cont-open' ><div class='template-page content  av-content-full alpha units'><div class='post-entry post-entry-type-page post-entry-1362'><div class='entry-content-wrapper clearfix'>\n\n<style type=\"text\/css\" data-created_by=\"avia_inline_auto\" id=\"style-css-av-l27f5sbv-85ffbce8e410072f2b4d9056c27b4c1b\">\n#top .av-special-heading.av-l27f5sbv-85ffbce8e410072f2b4d9056c27b4c1b{\npadding-bottom:10px;\n}\nbody .av-special-heading.av-l27f5sbv-85ffbce8e410072f2b4d9056c27b4c1b .av-special-heading-tag .heading-char{\nfont-size:25px;\n}\n.av-special-heading.av-l27f5sbv-85ffbce8e410072f2b4d9056c27b4c1b .av-subheading{\nfont-size:15px;\n}\n<\/style>\n<div  class='av-special-heading av-l27f5sbv-85ffbce8e410072f2b4d9056c27b4c1b av-special-heading-h2 blockquote modern-quote modern-centered  avia-builder-el-11  el_before_av_image  avia-builder-el-first  border-bottom'><h2 class='av-special-heading-tag'  itemprop=\"headline\"  >Organizational structure<\/h2><div class='av-subheading av-subheading_below'><p>DIRECT LINK TO SUBSIDIARIES TO ENSURE COST EFFICIENCY<\/p>\n<\/div><div class=\"special-heading-border\"><div class=\"special-heading-inner-border\"><\/div><\/div><\/div>\n\n<style type=\"text\/css\" data-created_by=\"avia_inline_auto\" id=\"style-css-av-l27f6xxs-0e36a7875dcbc333bf13da1d5a4b5d98\">\n.avia-image-container.av-l27f6xxs-0e36a7875dcbc333bf13da1d5a4b5d98 img.avia_image{\nbox-shadow:none;\n}\n.avia-image-container.av-l27f6xxs-0e36a7875dcbc333bf13da1d5a4b5d98 .av-image-caption-overlay-center{\ncolor:#ffffff;\n}\n<\/style>\n<div  class='avia-image-container av-l27f6xxs-0e36a7875dcbc333bf13da1d5a4b5d98 av-styling- avia-align-center  avia-builder-el-12  el_after_av_heading  avia-builder-el-last '   itemprop=\"image\" itemscope=\"itemscope\" itemtype=\"https:\/\/schema.org\/ImageObject\" ><div class=\"avia-image-container-inner\"><div class=\"avia-image-overlay-wrap\"><img decoding=\"async\" class='wp-image- avia-img-lazy-loading-not- avia_image ' src=\"https:\/\/omep.ee\/wp-content\/uploads\/2022\/04\/Screenshot-2022-04-20-at-13.16.05.png\" alt='' title=''   itemprop=\"thumbnailUrl\"  \/><\/div><\/div><\/div>\n<\/p>\n<\/div><\/div><\/div><!-- close content main div --><\/div><\/div>\n<style type=\"text\/css\" data-created_by=\"avia_inline_auto\" id=\"style-css-av-cterp-cf117452814595817118aa6f84a00558\">\n.avia-section.av-cterp-cf117452814595817118aa6f84a00558{\nbackground-color:#d6e2f2;\nbackground-image:unset;\n}\n<\/style>\n<div id='av_section_4'  class='avia-section av-cterp-cf117452814595817118aa6f84a00558 main_color avia-section-default avia-no-border-styling  avia-builder-el-13  el_after_av_section  el_before_av_section  av-desktop-hide av-medium-hide av-small-hide av-mini-hide avia-bg-style-scroll container_wrap fullsize'  ><div class='container av-section-cont-open' ><div class='template-page content  av-content-full alpha units'><div class='post-entry post-entry-type-page post-entry-1362'><div class='entry-content-wrapper clearfix'>\n\n<style type=\"text\/css\" data-created_by=\"avia_inline_auto\" id=\"style-css-av-9mf3x-3e0f4f2218f2bf4470974a0c2b7b2df4\">\n#top .av-special-heading.av-9mf3x-3e0f4f2218f2bf4470974a0c2b7b2df4{\npadding-bottom:0px;\n}\nbody .av-special-heading.av-9mf3x-3e0f4f2218f2bf4470974a0c2b7b2df4 .av-special-heading-tag .heading-char{\nfont-size:25px;\n}\n.av-special-heading.av-9mf3x-3e0f4f2218f2bf4470974a0c2b7b2df4 .av-subheading{\nfont-size:15px;\n}\n<\/style>\n<div  class='av-special-heading av-9mf3x-3e0f4f2218f2bf4470974a0c2b7b2df4 av-special-heading-h2 blockquote modern-quote modern-centered  avia-builder-el-14  el_before_av_image  avia-builder-el-first  border-bottom'><h2 class='av-special-heading-tag'  itemprop=\"headline\"  >Key figures<\/h2><div class=\"special-heading-border\"><div class=\"special-heading-inner-border\"><\/div><\/div><\/div>\n\n<style type=\"text\/css\" data-created_by=\"avia_inline_auto\" id=\"style-css-av-l27f17xo-f1260bfd2860bdb25d90acd593e7d1c7\">\n.avia-image-container.av-l27f17xo-f1260bfd2860bdb25d90acd593e7d1c7 img.avia_image{\nbox-shadow:none;\n}\n.avia-image-container.av-l27f17xo-f1260bfd2860bdb25d90acd593e7d1c7 .av-image-caption-overlay-center{\ncolor:#ffffff;\n}\n<\/style>\n<div  class='avia-image-container av-l27f17xo-f1260bfd2860bdb25d90acd593e7d1c7 av-styling- avia-align-center  avia-builder-el-15  el_after_av_heading  avia-builder-el-last '   itemprop=\"image\" itemscope=\"itemscope\" itemtype=\"https:\/\/schema.org\/ImageObject\" ><div class=\"avia-image-container-inner\"><div class=\"avia-image-overlay-wrap\"><img decoding=\"async\" class='wp-image- avia-img-lazy-loading-not- avia_image ' src=\"https:\/\/omep.ee\/wp-content\/uploads\/2022\/04\/Screenshot-2022-04-20-at-13.11.03.png\" alt='' title=''   itemprop=\"thumbnailUrl\"  \/><\/div><\/div><\/div>\n\n<\/div><\/div><\/div><!-- close content main div --><\/div><\/div><div id='av_section_5'  class='avia-section av-8qcfz-65302d9a86c708b62b6298d79c342140 main_color avia-section-default avia-no-border-styling  avia-builder-el-16  el_after_av_section  avia-builder-el-last  av-desktop-hide av-medium-hide av-small-hide av-mini-hide avia-bg-style-scroll container_wrap fullsize'  ><div class='container av-section-cont-open' ><div class='template-page content  av-content-full alpha units'><div class='post-entry post-entry-type-page post-entry-1362'><div class='entry-content-wrapper clearfix'>\n\n<style type=\"text\/css\" data-created_by=\"avia_inline_auto\" id=\"style-css-av-l27f8q1x-684acde1a63154307d4bf31684afb345\">\n#top .av-special-heading.av-l27f8q1x-684acde1a63154307d4bf31684afb345{\npadding-bottom:0px;\n}\nbody .av-special-heading.av-l27f8q1x-684acde1a63154307d4bf31684afb345 .av-special-heading-tag .heading-char{\nfont-size:25px;\n}\n.av-special-heading.av-l27f8q1x-684acde1a63154307d4bf31684afb345 .av-subheading{\nfont-size:15px;\n}\n<\/style>\n<div  class='av-special-heading av-l27f8q1x-684acde1a63154307d4bf31684afb345 av-special-heading-h2 blockquote modern-quote modern-centered  avia-builder-el-17  el_before_av_image  avia-builder-el-first  border-bottom'><h2 class='av-special-heading-tag'  itemprop=\"headline\"  >Management team<\/h2><div class=\"special-heading-border\"><div class=\"special-heading-inner-border\"><\/div><\/div><\/div>\n\n<style type=\"text\/css\" data-created_by=\"avia_inline_auto\" id=\"style-css-av-l27f8il9-7654f65107a177671c582162fa4d266d\">\n.avia-image-container.av-l27f8il9-7654f65107a177671c582162fa4d266d img.avia_image{\nbox-shadow:none;\n}\n.avia-image-container.av-l27f8il9-7654f65107a177671c582162fa4d266d .av-image-caption-overlay-center{\ncolor:#ffffff;\n}\n<\/style>\n<div  class='avia-image-container av-l27f8il9-7654f65107a177671c582162fa4d266d av-styling- avia-align-center  avia-builder-el-18  el_after_av_heading  avia-builder-el-last '   itemprop=\"image\" itemscope=\"itemscope\" itemtype=\"https:\/\/schema.org\/ImageObject\" ><div class=\"avia-image-container-inner\"><div class=\"avia-image-overlay-wrap\"><img decoding=\"async\" class='wp-image- avia-img-lazy-loading-not- avia_image ' src=\"https:\/\/omep.ee\/wp-content\/uploads\/2022\/04\/Screenshot-2022-04-20-at-13.17.12.png\" alt='' title=''   itemprop=\"thumbnailUrl\"  \/><\/div><\/div><\/div>\n\n","protected":false},"excerpt":{"rendered":"","protected":false},"author":1,"featured_media":0,"parent":0,"menu_order":0,"comment_status":"closed","ping_status":"closed","template":"","meta":{"inline_featured_image":false,"_monsterinsights_skip_tracking":false,"_monsterinsights_sitenote_active":false,"_monsterinsights_sitenote_note":"","_monsterinsights_sitenote_category":0,"footnotes":""},"aioseo_notices":[],"_links":{"self":[{"href":"https:\/\/omep.ee\/et\/wp-json\/wp\/v2\/pages\/1362"}],"collection":[{"href":"https:\/\/omep.ee\/et\/wp-json\/wp\/v2\/pages"}],"about":[{"href":"https:\/\/omep.ee\/et\/wp-json\/wp\/v2\/types\/page"}],"author":[{"embeddable":true,"href":"https:\/\/omep.ee\/et\/wp-json\/wp\/v2\/users\/1"}],"replies":[{"embeddable":true,"href":"https:\/\/omep.ee\/et\/wp-json\/wp\/v2\/comments?post=1362"}],"version-history":[{"count":19,"href":"https:\/\/omep.ee\/et\/wp-json\/wp\/v2\/pages\/1362\/revisions"}],"predecessor-version":[{"id":1478,"href":"https:\/\/omep.ee\/et\/wp-json\/wp\/v2\/pages\/1362\/revisions\/1478"}],"wp:attachment":[{"href":"https:\/\/omep.ee\/et\/wp-json\/wp\/v2\/media?parent=1362"}],"curies":[{"name":"wp","href":"https:\/\/api.w.org\/{rel}","templated":true}]}}